{"id":8783,"date":"2024-01-08T16:02:17","date_gmt":"2024-01-08T19:02:17","guid":{"rendered":"https:\/\/www.hipartsoficial.com.br\/?post_type=product&#038;p=8783"},"modified":"2025-05-20T16:05:30","modified_gmt":"2025-05-20T19:05:30","slug":"kit-corrente-distribuicao-completo-com-11-pecas-com-chapeu","status":"publish","type":"product","link":"https:\/\/www.hipartsoficial.com.br\/en\/product\/kit-corrente-distribuicao-completo-com-11-pecas-com-chapeu\/","title":{"rendered":"KIT CORRENTE DISTRIBUI\u00c7\u00c3O COMPLETO COM 11 PECAS COM CHAP\u00c9U"},"content":{"rendered":"","protected":false},"excerpt":{"rendered":"","protected":false},"featured_media":8784,"comment_status":"open","ping_status":"closed","template":"","meta":{"_acf_changed":false,"_eb_attr":"","_joinchat":[]},"product_brand":[],"product_cat":[62],"product_tag":[291],"montadoras":[174,97,170,168],"class_list":{"0":"post-8783","1":"product","2":"type-product","3":"status-publish","4":"has-post-thumbnail","6":"product_cat-motor","7":"product_tag-tag-produtos","8":"montadoras-l200-triton","9":"montadoras-mitsubishi","10":"montadoras-pajero-dakar","11":"montadoras-pajero-full","13":"first","14":"instock","15":"shipping-taxable","16":"product-type-simple"},"acf":[],"yoast_head":"<!-- This site is optimized with the Yoast SEO plugin v27.2 - https:\/\/yoast.com\/product\/yoast-seo-wordpress\/ -->\n<title>KIT CORRENTE DISTRIBUI\u00c7\u00c3O COMPLETO COM 11 PECAS COM CHAP\u00c9U - HiParts.<\/title>\n<meta name=\"robots\" content=\"index, follow, max-snippet:-1, max-image-preview:large, max-video-preview:-1\" \/>\n<link rel=\"canonical\" href=\"https:\/\/www.hipartsoficial.com.br\/en\/product\/kit-corrente-distribuicao-completo-com-11-pecas-com-chapeu\/\" \/>\n<meta property=\"og:locale\" content=\"en_US\" \/>\n<meta property=\"og:type\" content=\"article\" \/>\n<meta property=\"og:title\" content=\"KIT CORRENTE DISTRIBUI\u00c7\u00c3O COMPLETO COM 11 PECAS COM CHAP\u00c9U - HiParts.\" \/>\n<meta property=\"og:url\" content=\"https:\/\/www.hipartsoficial.com.br\/en\/product\/kit-corrente-distribuicao-completo-com-11-pecas-com-chapeu\/\" \/>\n<meta property=\"og:site_name\" content=\"HiParts.\" \/>\n<meta property=\"article:modified_time\" content=\"2025-05-20T19:05:30+00:00\" \/>\n<meta property=\"og:image\" content=\"https:\/\/www.hipartsoficial.com.br\/wp-content\/uploads\/2024\/01\/009938a1.jpg\" \/>\n\t<meta property=\"og:image:width\" content=\"1000\" \/>\n\t<meta property=\"og:image:height\" content=\"1000\" \/>\n\t<meta property=\"og:image:type\" content=\"image\/jpeg\" \/>\n<meta name=\"twitter:card\" content=\"summary_large_image\" \/>\n<script type=\"application\/ld+json\" class=\"yoast-schema-graph\">{\"@context\":\"https:\/\/schema.org\",\"@graph\":[{\"@type\":\"WebPage\",\"@id\":\"https:\/\/www.hipartsoficial.com.br\/produto\/kit-corrente-distribuicao-completo-com-11-pecas-com-chapeu\/\",\"url\":\"https:\/\/www.hipartsoficial.com.br\/produto\/kit-corrente-distribuicao-completo-com-11-pecas-com-chapeu\/\",\"name\":\"KIT CORRENTE DISTRIBUI\u00c7\u00c3O COMPLETO COM 11 PECAS COM CHAP\u00c9U - HiParts.\",\"isPartOf\":{\"@id\":\"https:\/\/www.hipartsoficial.com.br\/#website\"},\"primaryImageOfPage\":{\"@id\":\"https:\/\/www.hipartsoficial.com.br\/produto\/kit-corrente-distribuicao-completo-com-11-pecas-com-chapeu\/#primaryimage\"},\"image\":{\"@id\":\"https:\/\/www.hipartsoficial.com.br\/produto\/kit-corrente-distribuicao-completo-com-11-pecas-com-chapeu\/#primaryimage\"},\"thumbnailUrl\":\"https:\/\/www.hipartsoficial.com.br\/wp-content\/uploads\/2024\/01\/009938a1.jpg\",\"datePublished\":\"2024-01-08T19:02:17+00:00\",\"dateModified\":\"2025-05-20T19:05:30+00:00\",\"breadcrumb\":{\"@id\":\"https:\/\/www.hipartsoficial.com.br\/produto\/kit-corrente-distribuicao-completo-com-11-pecas-com-chapeu\/#breadcrumb\"},\"inLanguage\":\"en-US\",\"potentialAction\":[{\"@type\":\"ReadAction\",\"target\":[\"https:\/\/www.hipartsoficial.com.br\/produto\/kit-corrente-distribuicao-completo-com-11-pecas-com-chapeu\/\"]}]},{\"@type\":\"ImageObject\",\"inLanguage\":\"en-US\",\"@id\":\"https:\/\/www.hipartsoficial.com.br\/produto\/kit-corrente-distribuicao-completo-com-11-pecas-com-chapeu\/#primaryimage\",\"url\":\"https:\/\/www.hipartsoficial.com.br\/wp-content\/uploads\/2024\/01\/009938a1.jpg\",\"contentUrl\":\"https:\/\/www.hipartsoficial.com.br\/wp-content\/uploads\/2024\/01\/009938a1.jpg\",\"width\":1000,\"height\":1000,\"caption\":\"KIT CORRENTE DISTRIBUI\u00c7\u00c3O COMPLETO COM 11 PECAS COM CHAP\u00c9U L200 TRITON 3.2 2007\/2016 PAJERO FULL 3.2 2006\/.. PAJERO DAKAR 3.2 2007\/2016\"},{\"@type\":\"BreadcrumbList\",\"@id\":\"https:\/\/www.hipartsoficial.com.br\/produto\/kit-corrente-distribuicao-completo-com-11-pecas-com-chapeu\/#breadcrumb\",\"itemListElement\":[{\"@type\":\"ListItem\",\"position\":1,\"name\":\"In\u00edcio\",\"item\":\"https:\/\/www.hipartsoficial.com.br\/pt\/\"},{\"@type\":\"ListItem\",\"position\":2,\"name\":\"Products\",\"item\":\"https:\/\/www.hipartsoficial.com.br\/shop\/\"},{\"@type\":\"ListItem\",\"position\":3,\"name\":\"KIT CORRENTE DISTRIBUI\u00c7\u00c3O COMPLETO COM 11 PECAS COM CHAP\u00c9U\"}]},{\"@type\":\"WebSite\",\"@id\":\"https:\/\/www.hipartsoficial.com.br\/#website\",\"url\":\"https:\/\/www.hipartsoficial.com.br\/\",\"name\":\"HiParts.\",\"description\":\"\",\"potentialAction\":[{\"@type\":\"SearchAction\",\"target\":{\"@type\":\"EntryPoint\",\"urlTemplate\":\"https:\/\/www.hipartsoficial.com.br\/?s={search_term_string}\"},\"query-input\":{\"@type\":\"PropertyValueSpecification\",\"valueRequired\":true,\"valueName\":\"search_term_string\"}}],\"inLanguage\":\"en-US\"}]}<\/script>\n<!-- \/ Yoast SEO plugin. -->","yoast_head_json":{"title":"KIT CORRENTE DISTRIBUI\u00c7\u00c3O COMPLETO COM 11 PECAS COM CHAP\u00c9U - HiParts.","robots":{"index":"index","follow":"follow","max-snippet":"max-snippet:-1","max-image-preview":"max-image-preview:large","max-video-preview":"max-video-preview:-1"},"canonical":"https:\/\/www.hipartsoficial.com.br\/en\/product\/kit-corrente-distribuicao-completo-com-11-pecas-com-chapeu\/","og_locale":"en_US","og_type":"article","og_title":"KIT CORRENTE DISTRIBUI\u00c7\u00c3O COMPLETO COM 11 PECAS COM CHAP\u00c9U - HiParts.","og_url":"https:\/\/www.hipartsoficial.com.br\/en\/product\/kit-corrente-distribuicao-completo-com-11-pecas-com-chapeu\/","og_site_name":"HiParts.","article_modified_time":"2025-05-20T19:05:30+00:00","og_image":[{"width":1000,"height":1000,"url":"https:\/\/www.hipartsoficial.com.br\/wp-content\/uploads\/2024\/01\/009938a1.jpg","type":"image\/jpeg"}],"twitter_card":"summary_large_image","schema":{"@context":"https:\/\/schema.org","@graph":[{"@type":"WebPage","@id":"https:\/\/www.hipartsoficial.com.br\/produto\/kit-corrente-distribuicao-completo-com-11-pecas-com-chapeu\/","url":"https:\/\/www.hipartsoficial.com.br\/produto\/kit-corrente-distribuicao-completo-com-11-pecas-com-chapeu\/","name":"KIT CORRENTE DISTRIBUI\u00c7\u00c3O COMPLETO COM 11 PECAS COM CHAP\u00c9U - HiParts.","isPartOf":{"@id":"https:\/\/www.hipartsoficial.com.br\/#website"},"primaryImageOfPage":{"@id":"https:\/\/www.hipartsoficial.com.br\/produto\/kit-corrente-distribuicao-completo-com-11-pecas-com-chapeu\/#primaryimage"},"image":{"@id":"https:\/\/www.hipartsoficial.com.br\/produto\/kit-corrente-distribuicao-completo-com-11-pecas-com-chapeu\/#primaryimage"},"thumbnailUrl":"https:\/\/www.hipartsoficial.com.br\/wp-content\/uploads\/2024\/01\/009938a1.jpg","datePublished":"2024-01-08T19:02:17+00:00","dateModified":"2025-05-20T19:05:30+00:00","breadcrumb":{"@id":"https:\/\/www.hipartsoficial.com.br\/produto\/kit-corrente-distribuicao-completo-com-11-pecas-com-chapeu\/#breadcrumb"},"inLanguage":"en-US","potentialAction":[{"@type":"ReadAction","target":["https:\/\/www.hipartsoficial.com.br\/produto\/kit-corrente-distribuicao-completo-com-11-pecas-com-chapeu\/"]}]},{"@type":"ImageObject","inLanguage":"en-US","@id":"https:\/\/www.hipartsoficial.com.br\/produto\/kit-corrente-distribuicao-completo-com-11-pecas-com-chapeu\/#primaryimage","url":"https:\/\/www.hipartsoficial.com.br\/wp-content\/uploads\/2024\/01\/009938a1.jpg","contentUrl":"https:\/\/www.hipartsoficial.com.br\/wp-content\/uploads\/2024\/01\/009938a1.jpg","width":1000,"height":1000,"caption":"KIT CORRENTE DISTRIBUI\u00c7\u00c3O COMPLETO COM 11 PECAS COM CHAP\u00c9U L200 TRITON 3.2 2007\/2016 PAJERO FULL 3.2 2006\/.. PAJERO DAKAR 3.2 2007\/2016"},{"@type":"BreadcrumbList","@id":"https:\/\/www.hipartsoficial.com.br\/produto\/kit-corrente-distribuicao-completo-com-11-pecas-com-chapeu\/#breadcrumb","itemListElement":[{"@type":"ListItem","position":1,"name":"In\u00edcio","item":"https:\/\/www.hipartsoficial.com.br\/pt\/"},{"@type":"ListItem","position":2,"name":"Products","item":"https:\/\/www.hipartsoficial.com.br\/shop\/"},{"@type":"ListItem","position":3,"name":"KIT CORRENTE DISTRIBUI\u00c7\u00c3O COMPLETO COM 11 PECAS COM CHAP\u00c9U"}]},{"@type":"WebSite","@id":"https:\/\/www.hipartsoficial.com.br\/#website","url":"https:\/\/www.hipartsoficial.com.br\/","name":"HiParts.","description":"","potentialAction":[{"@type":"SearchAction","target":{"@type":"EntryPoint","urlTemplate":"https:\/\/www.hipartsoficial.com.br\/?s={search_term_string}"},"query-input":{"@type":"PropertyValueSpecification","valueRequired":true,"valueName":"search_term_string"}}],"inLanguage":"en-US"}]}},"_links":{"self":[{"href":"https:\/\/www.hipartsoficial.com.br\/en\/wp-json\/wp\/v2\/product\/8783","targetHints":{"allow":["GET"]}}],"collection":[{"href":"https:\/\/www.hipartsoficial.com.br\/en\/wp-json\/wp\/v2\/product"}],"about":[{"href":"https:\/\/www.hipartsoficial.com.br\/en\/wp-json\/wp\/v2\/types\/product"}],"replies":[{"embeddable":true,"href":"https:\/\/www.hipartsoficial.com.br\/en\/wp-json\/wp\/v2\/comments?post=8783"}],"wp:featuredmedia":[{"embeddable":true,"href":"https:\/\/www.hipartsoficial.com.br\/en\/wp-json\/wp\/v2\/media\/8784"}],"wp:attachment":[{"href":"https:\/\/www.hipartsoficial.com.br\/en\/wp-json\/wp\/v2\/media?parent=8783"}],"wp:term":[{"taxonomy":"product_brand","embeddable":true,"href":"https:\/\/www.hipartsoficial.com.br\/en\/wp-json\/wp\/v2\/product_brand?post=8783"},{"taxonomy":"product_cat","embeddable":true,"href":"https:\/\/www.hipartsoficial.com.br\/en\/wp-json\/wp\/v2\/product_cat?post=8783"},{"taxonomy":"product_tag","embeddable":true,"href":"https:\/\/www.hipartsoficial.com.br\/en\/wp-json\/wp\/v2\/product_tag?post=8783"},{"taxonomy":"montadoras","embeddable":true,"href":"https:\/\/www.hipartsoficial.com.br\/en\/wp-json\/wp\/v2\/montadoras?post=8783"}],"curies":[{"name":"wp","href":"https:\/\/api.w.org\/{rel}","templated":true}]}}