{"id":11969,"date":"2025-06-11T10:33:16","date_gmt":"2025-06-11T13:33:16","guid":{"rendered":"https:\/\/www.hipartsoficial.com.br\/?page_id=11969"},"modified":"2025-07-16T16:27:59","modified_gmt":"2025-07-16T19:27:59","slug":"downlaod-catalogo","status":"publish","type":"page","link":"https:\/\/www.hipartsoficial.com.br\/pt\/downlaod-catalogo\/","title":{"rendered":"Downlaod Cat\u00e1logo"},"content":{"rendered":"\t\t<div data-elementor-type=\"wp-page\" data-elementor-id=\"11969\" class=\"elementor elementor-11969\" data-elementor-post-type=\"page\">\n\t\t\t\t<div class=\"elementor-element elementor-element-8a075e3 e-con-full banner-download-catalogo elementor-hidden-mobile e-flex e-con e-parent\" data-id=\"8a075e3\" data-element_type=\"container\" data-e-type=\"container\" data-settings=\"{&quot;background_background&quot;:&quot;classic&quot;}\">\n\t\t<div class=\"elementor-element elementor-element-8faf5c6 e-con-full e-flex e-con e-child\" data-id=\"8faf5c6\" data-element_type=\"container\" data-e-type=\"container\">\n\t\t<div class=\"elementor-element elementor-element-31d7861 e-grid e-con-full e-con e-child\" data-id=\"31d7861\" data-element_type=\"container\" data-e-type=\"container\">\n\t\t\t\t<div class=\"elementor-element elementor-element-fb738f1 elementor-hidden-mobile elementor-widget elementor-widget-image\" data-id=\"fb738f1\" data-element_type=\"widget\" data-e-type=\"widget\" data-widget_type=\"image.default\">\n\t\t\t\t<div class=\"elementor-widget-container\">\n\t\t\t\t\t\t\t\t\t\t\t\t\t\t\t<img decoding=\"async\" src=\"https:\/\/www.hipartsoficial.com.br\/wp-content\/uploads\/2025\/06\/MacBook-Pro-16inc-2.png\" class=\"attachment-full size-full wp-image-11974\" alt=\"\" \/>\t\t\t\t\t\t\t\t\t\t\t\t\t\t\t<\/div>\n\t\t\t\t<\/div>\n\t\t<div class=\"elementor-element elementor-element-915eab2 e-grid gradeCatalogo e-con-boxed e-con e-child\" data-id=\"915eab2\" data-element_type=\"container\" data-e-type=\"container\">\n\t\t\t\t\t<div class=\"e-con-inner\">\n\t\t\t\t<div class=\"elementor-element elementor-element-5da279d elementor-widget elementor-widget-text-editor\" data-id=\"5da279d\" data-element_type=\"widget\" data-e-type=\"widget\" data-widget_type=\"text-editor.default\">\n\t\t\t\t<div class=\"elementor-widget-container\">\n\t\t\t\t\t\t\t\t\t<p class=\"upperHeader\">Clique aqui e baixe o<\/p>\t\t\t\t\t\t\t\t<\/div>\n\t\t\t\t<\/div>\n\t\t\t\t<div class=\"elementor-element elementor-element-a9de7a3 elementor-widget elementor-widget-text-editor\" data-id=\"a9de7a3\" data-element_type=\"widget\" data-e-type=\"widget\" data-widget_type=\"text-editor.default\">\n\t\t\t\t<div class=\"elementor-widget-container\">\n\t\t\t\t\t\t\t\t\t<p class=\"buttonHeader\"><a href=\"https:\/\/www.ideia2001.com.br\/CatExp\/AYAAP\/InstalarCatalogoHiParts.exe\" target=\"_blank\" rel=\"noopener\"><img decoding=\"async\" width=\"25\" height=\"25\" class=\"alignnone wp-image-12071 size-full\" style=\"width: 15px; height: 15px; margin: 0px 5px 1px 0px;\" src=\"https:\/\/www.hipartsoficial.com.br\/wp-content\/uploads\/2025\/06\/download-1.png\" alt=\"\" align=\"center\" srcset=\"https:\/\/www.hipartsoficial.com.br\/wp-content\/uploads\/2025\/06\/download-1.png 25w, https:\/\/www.hipartsoficial.com.br\/wp-content\/uploads\/2025\/06\/download-1-12x12.png 12w\" sizes=\"(max-width: 25px) 100vw, 25px\" \/> Cat\u00e1logo Online<\/a><\/p>\t\t\t\t\t\t\t\t<\/div>\n\t\t\t\t<\/div>\n\t\t\t\t<div class=\"elementor-element elementor-element-9ad50de elementor-widget elementor-widget-text-editor\" data-id=\"9ad50de\" data-element_type=\"widget\" data-e-type=\"widget\" data-widget_type=\"text-editor.default\">\n\t\t\t\t<div class=\"elementor-widget-container\">\n\t\t\t\t\t\t\t\t\t<p class=\"textHeader\">Dispon\u00edvel apenas para desktop<\/p>\t\t\t\t\t\t\t\t<\/div>\n\t\t\t\t<\/div>\n\t\t\t\t\t<\/div>\n\t\t\t\t<\/div>\n\t\t\t\t<\/div>\n\t\t\t\t<\/div>\n\t\t\t\t<\/div>\n\t\t<div class=\"elementor-element elementor-element-d58f923 e-con-full Banner_catalogo_mob elementor-hidden-desktop elementor-hidden-tablet e-flex e-con e-parent\" data-id=\"d58f923\" data-element_type=\"container\" data-e-type=\"container\" data-settings=\"{&quot;background_background&quot;:&quot;classic&quot;}\">\n\t\t<div class=\"elementor-element elementor-element-3ef620c e-con-full e-flex e-con e-child\" data-id=\"3ef620c\" data-element_type=\"container\" data-e-type=\"container\">\n\t\t<div class=\"elementor-element elementor-element-e348421 e-grid e-con-full e-con e-child\" data-id=\"e348421\" data-element_type=\"container\" data-e-type=\"container\">\n\t\t<div class=\"elementor-element elementor-element-e85c6c5 e-grid gradeCatalogo e-con-boxed e-con e-child\" data-id=\"e85c6c5\" data-element_type=\"container\" data-e-type=\"container\">\n\t\t\t\t\t<div class=\"e-con-inner\">\n\t\t\t\t<div class=\"elementor-element elementor-element-58f4052 elementor-widget elementor-widget-text-editor\" data-id=\"58f4052\" data-element_type=\"widget\" data-e-type=\"widget\" data-widget_type=\"text-editor.default\">\n\t\t\t\t<div class=\"elementor-widget-container\">\n\t\t\t\t\t\t\t\t\t<p class=\"upperHeader\">Cat\u00e1logo<\/br>Online<\/p>\t\t\t\t\t\t\t\t<\/div>\n\t\t\t\t<\/div>\n\t\t\t\t<div class=\"elementor-element elementor-element-f97e793 elementor-widget elementor-widget-spacer\" data-id=\"f97e793\" data-element_type=\"widget\" data-e-type=\"widget\" data-widget_type=\"spacer.default\">\n\t\t\t\t<div class=\"elementor-widget-container\">\n\t\t\t\t\t\t\t<div class=\"elementor-spacer\">\n\t\t\t<div class=\"elementor-spacer-inner\"><\/div>\n\t\t<\/div>\n\t\t\t\t\t\t<\/div>\n\t\t\t\t<\/div>\n\t\t\t\t<div class=\"elementor-element elementor-element-6cfcdd4 elementor-widget elementor-widget-text-editor\" data-id=\"6cfcdd4\" data-element_type=\"widget\" data-e-type=\"widget\" data-widget_type=\"text-editor.default\">\n\t\t\t\t<div class=\"elementor-widget-container\">\n\t\t\t\t\t\t\t\t\t<p class=\"textHeader\">Acesse atrav\u00e9s do<\/br> desktop para baixar<\/p>\t\t\t\t\t\t\t\t<\/div>\n\t\t\t\t<\/div>\n\t\t\t\t\t<\/div>\n\t\t\t\t<\/div>\n\t\t\t\t<\/div>\n\t\t\t\t<\/div>\n\t\t\t\t<\/div>\n\t\t\t\t<\/div>\n\t\t","protected":false},"excerpt":{"rendered":"<p>Clique aqui e baixe o Cat\u00e1logo Online Dispon\u00edvel apenas para desktop Cat\u00e1logoOnline Acesse atrav\u00e9s do desktop para baixar<\/p>\n","protected":false},"author":11,"featured_media":0,"parent":0,"menu_order":0,"comment_status":"closed","ping_status":"closed","template":"","meta":{"_acf_changed":false,"_eb_attr":"","_joinchat":[],"footnotes":""},"class_list":["post-11969","page","type-page","status-publish","hentry"],"acf":[],"yoast_head":"<!-- This site is optimized with the Yoast SEO plugin v27.2 - https:\/\/yoast.com\/product\/yoast-seo-wordpress\/ -->\n<title>Downlaod Cat\u00e1logo - HiParts.<\/title>\n<meta name=\"robots\" content=\"index, follow, max-snippet:-1, max-image-preview:large, max-video-preview:-1\" \/>\n<link rel=\"canonical\" href=\"https:\/\/www.hipartsoficial.com.br\/pt\/downlaod-catalogo\/\" \/>\n<meta property=\"og:locale\" content=\"pt_BR\" \/>\n<meta property=\"og:type\" content=\"article\" \/>\n<meta property=\"og:title\" content=\"Downlaod Cat\u00e1logo - HiParts.\" \/>\n<meta property=\"og:description\" content=\"Clique aqui e baixe o Cat\u00e1logo Online Dispon\u00edvel apenas para desktop Cat\u00e1logoOnline Acesse atrav\u00e9s do desktop para baixar\" \/>\n<meta property=\"og:url\" content=\"https:\/\/www.hipartsoficial.com.br\/pt\/downlaod-catalogo\/\" \/>\n<meta property=\"og:site_name\" content=\"HiParts.\" \/>\n<meta property=\"article:modified_time\" content=\"2025-07-16T19:27:59+00:00\" \/>\n<meta property=\"og:image\" content=\"https:\/\/www.hipartsoficial.com.br\/wp-content\/uploads\/2025\/06\/MacBook-Pro-16inc-2.png\" \/>\n\t<meta property=\"og:image:width\" content=\"1\" \/>\n\t<meta property=\"og:image:height\" content=\"1\" \/>\n\t<meta property=\"og:image:type\" content=\"image\/png\" \/>\n<meta name=\"twitter:card\" content=\"summary_large_image\" \/>\n<meta name=\"twitter:label1\" content=\"Est. tempo de leitura\" \/>\n\t<meta name=\"twitter:data1\" content=\"1 minuto\" \/>\n<script type=\"application\/ld+json\" class=\"yoast-schema-graph\">{\"@context\":\"https:\/\/schema.org\",\"@graph\":[{\"@type\":\"WebPage\",\"@id\":\"https:\/\/www.hipartsoficial.com.br\/downlaod-catalogo\/\",\"url\":\"https:\/\/www.hipartsoficial.com.br\/downlaod-catalogo\/\",\"name\":\"Downlaod Cat\u00e1logo - HiParts.\",\"isPartOf\":{\"@id\":\"https:\/\/www.hipartsoficial.com.br\/#website\"},\"primaryImageOfPage\":{\"@id\":\"https:\/\/www.hipartsoficial.com.br\/downlaod-catalogo\/#primaryimage\"},\"image\":{\"@id\":\"https:\/\/www.hipartsoficial.com.br\/downlaod-catalogo\/#primaryimage\"},\"thumbnailUrl\":\"https:\/\/www.hipartsoficial.com.br\/wp-content\/uploads\/2025\/06\/MacBook-Pro-16inc-2.png\",\"datePublished\":\"2025-06-11T13:33:16+00:00\",\"dateModified\":\"2025-07-16T19:27:59+00:00\",\"breadcrumb\":{\"@id\":\"https:\/\/www.hipartsoficial.com.br\/downlaod-catalogo\/#breadcrumb\"},\"inLanguage\":\"pt-BR\",\"potentialAction\":[{\"@type\":\"ReadAction\",\"target\":[\"https:\/\/www.hipartsoficial.com.br\/downlaod-catalogo\/\"]}]},{\"@type\":\"ImageObject\",\"inLanguage\":\"pt-BR\",\"@id\":\"https:\/\/www.hipartsoficial.com.br\/downlaod-catalogo\/#primaryimage\",\"url\":\"https:\/\/www.hipartsoficial.com.br\/wp-content\/uploads\/2025\/06\/MacBook-Pro-16inc-2.png\",\"contentUrl\":\"https:\/\/www.hipartsoficial.com.br\/wp-content\/uploads\/2025\/06\/MacBook-Pro-16inc-2.png\"},{\"@type\":\"BreadcrumbList\",\"@id\":\"https:\/\/www.hipartsoficial.com.br\/downlaod-catalogo\/#breadcrumb\",\"itemListElement\":[{\"@type\":\"ListItem\",\"position\":1,\"name\":\"In\u00edcio\",\"item\":\"https:\/\/www.hipartsoficial.com.br\/pt\/\"},{\"@type\":\"ListItem\",\"position\":2,\"name\":\"Downlaod Cat\u00e1logo\"}]},{\"@type\":\"WebSite\",\"@id\":\"https:\/\/www.hipartsoficial.com.br\/#website\",\"url\":\"https:\/\/www.hipartsoficial.com.br\/\",\"name\":\"HiParts.\",\"description\":\"\",\"potentialAction\":[{\"@type\":\"SearchAction\",\"target\":{\"@type\":\"EntryPoint\",\"urlTemplate\":\"https:\/\/www.hipartsoficial.com.br\/?s={search_term_string}\"},\"query-input\":{\"@type\":\"PropertyValueSpecification\",\"valueRequired\":true,\"valueName\":\"search_term_string\"}}],\"inLanguage\":\"pt-BR\"}]}<\/script>\n<!-- \/ Yoast SEO plugin. -->","yoast_head_json":{"title":"Downlaod Cat\u00e1logo - HiParts.","robots":{"index":"index","follow":"follow","max-snippet":"max-snippet:-1","max-image-preview":"max-image-preview:large","max-video-preview":"max-video-preview:-1"},"canonical":"https:\/\/www.hipartsoficial.com.br\/pt\/downlaod-catalogo\/","og_locale":"pt_BR","og_type":"article","og_title":"Downlaod Cat\u00e1logo - HiParts.","og_description":"Clique aqui e baixe o Cat\u00e1logo Online Dispon\u00edvel apenas para desktop Cat\u00e1logoOnline Acesse atrav\u00e9s do desktop para baixar","og_url":"https:\/\/www.hipartsoficial.com.br\/pt\/downlaod-catalogo\/","og_site_name":"HiParts.","article_modified_time":"2025-07-16T19:27:59+00:00","og_image":[{"url":"https:\/\/www.hipartsoficial.com.br\/wp-content\/uploads\/2025\/06\/MacBook-Pro-16inc-2.png","width":1,"height":1,"type":"image\/png"}],"twitter_card":"summary_large_image","twitter_misc":{"Est. tempo de leitura":"1 minuto"},"schema":{"@context":"https:\/\/schema.org","@graph":[{"@type":"WebPage","@id":"https:\/\/www.hipartsoficial.com.br\/downlaod-catalogo\/","url":"https:\/\/www.hipartsoficial.com.br\/downlaod-catalogo\/","name":"Downlaod Cat\u00e1logo - HiParts.","isPartOf":{"@id":"https:\/\/www.hipartsoficial.com.br\/#website"},"primaryImageOfPage":{"@id":"https:\/\/www.hipartsoficial.com.br\/downlaod-catalogo\/#primaryimage"},"image":{"@id":"https:\/\/www.hipartsoficial.com.br\/downlaod-catalogo\/#primaryimage"},"thumbnailUrl":"https:\/\/www.hipartsoficial.com.br\/wp-content\/uploads\/2025\/06\/MacBook-Pro-16inc-2.png","datePublished":"2025-06-11T13:33:16+00:00","dateModified":"2025-07-16T19:27:59+00:00","breadcrumb":{"@id":"https:\/\/www.hipartsoficial.com.br\/downlaod-catalogo\/#breadcrumb"},"inLanguage":"pt-BR","potentialAction":[{"@type":"ReadAction","target":["https:\/\/www.hipartsoficial.com.br\/downlaod-catalogo\/"]}]},{"@type":"ImageObject","inLanguage":"pt-BR","@id":"https:\/\/www.hipartsoficial.com.br\/downlaod-catalogo\/#primaryimage","url":"https:\/\/www.hipartsoficial.com.br\/wp-content\/uploads\/2025\/06\/MacBook-Pro-16inc-2.png","contentUrl":"https:\/\/www.hipartsoficial.com.br\/wp-content\/uploads\/2025\/06\/MacBook-Pro-16inc-2.png"},{"@type":"BreadcrumbList","@id":"https:\/\/www.hipartsoficial.com.br\/downlaod-catalogo\/#breadcrumb","itemListElement":[{"@type":"ListItem","position":1,"name":"In\u00edcio","item":"https:\/\/www.hipartsoficial.com.br\/pt\/"},{"@type":"ListItem","position":2,"name":"Downlaod Cat\u00e1logo"}]},{"@type":"WebSite","@id":"https:\/\/www.hipartsoficial.com.br\/#website","url":"https:\/\/www.hipartsoficial.com.br\/","name":"HiParts.","description":"","potentialAction":[{"@type":"SearchAction","target":{"@type":"EntryPoint","urlTemplate":"https:\/\/www.hipartsoficial.com.br\/?s={search_term_string}"},"query-input":{"@type":"PropertyValueSpecification","valueRequired":true,"valueName":"search_term_string"}}],"inLanguage":"pt-BR"}]}},"_links":{"self":[{"href":"https:\/\/www.hipartsoficial.com.br\/pt\/wp-json\/wp\/v2\/pages\/11969","targetHints":{"allow":["GET"]}}],"collection":[{"href":"https:\/\/www.hipartsoficial.com.br\/pt\/wp-json\/wp\/v2\/pages"}],"about":[{"href":"https:\/\/www.hipartsoficial.com.br\/pt\/wp-json\/wp\/v2\/types\/page"}],"author":[{"embeddable":true,"href":"https:\/\/www.hipartsoficial.com.br\/pt\/wp-json\/wp\/v2\/users\/11"}],"replies":[{"embeddable":true,"href":"https:\/\/www.hipartsoficial.com.br\/pt\/wp-json\/wp\/v2\/comments?post=11969"}],"version-history":[{"count":0,"href":"https:\/\/www.hipartsoficial.com.br\/pt\/wp-json\/wp\/v2\/pages\/11969\/revisions"}],"wp:attachment":[{"href":"https:\/\/www.hipartsoficial.com.br\/pt\/wp-json\/wp\/v2\/media?parent=11969"}],"curies":[{"name":"wp","href":"https:\/\/api.w.org\/{rel}","templated":true}]}}