{"id":598,"date":"2023-02-21T22:16:11","date_gmt":"2023-02-22T01:16:11","guid":{"rendered":"https:\/\/www.hipartsoficial.com.br\/cart\/"},"modified":"2025-06-17T18:04:45","modified_gmt":"2025-06-17T21:04:45","slug":"orcamento","status":"publish","type":"page","link":"https:\/\/www.hipartsoficial.com.br\/pt\/orcamento\/","title":{"rendered":"Or\u00e7amento"},"content":{"rendered":"\t\t<div data-elementor-type=\"wp-page\" data-elementor-id=\"598\" class=\"elementor elementor-598\" data-elementor-post-type=\"page\">\n\t\t\t\t\t\t<section class=\"elementor-section elementor-top-section elementor-element elementor-element-db38f34 elementor-section-boxed elementor-section-height-default elementor-section-height-default\" data-id=\"db38f34\" data-element_type=\"section\" data-e-type=\"section\" data-settings=\"{&quot;background_background&quot;:&quot;classic&quot;}\">\n\t\t\t\t\t\t<div class=\"elementor-container elementor-column-gap-default\">\n\t\t\t\t\t<div class=\"elementor-column elementor-col-100 elementor-top-column elementor-element elementor-element-9bb818a\" data-id=\"9bb818a\" data-element_type=\"column\" data-e-type=\"column\">\n\t\t\t<div class=\"elementor-widget-wrap elementor-element-populated\">\n\t\t\t\t\t\t<div class=\"elementor-element elementor-element-49ada31 elementor-widget elementor-widget-heading\" data-id=\"49ada31\" data-element_type=\"widget\" data-e-type=\"widget\" data-widget_type=\"heading.default\">\n\t\t\t\t<div class=\"elementor-widget-container\">\n\t\t\t\t\t<h2 class=\"elementor-heading-title elementor-size-default\">Carrinho<\/h2>\t\t\t\t<\/div>\n\t\t\t\t<\/div>\n\t\t\t\t<div class=\"elementor-element elementor-element-09c8a45 elementor-widget elementor-widget-text-editor\" data-id=\"09c8a45\" data-element_type=\"widget\" data-e-type=\"widget\" data-widget_type=\"text-editor.default\">\n\t\t\t\t<div class=\"elementor-widget-container\">\n\t\t\t\t\t\t\t\t\t<p>Mais de 1200 itens a pronta entrega<\/p>\t\t\t\t\t\t\t\t<\/div>\n\t\t\t\t<\/div>\n\t\t\t\t\t<\/div>\n\t\t<\/div>\n\t\t\t\t\t<\/div>\n\t\t<\/section>\n\t\t\t\t<section class=\"elementor-section elementor-top-section elementor-element elementor-element-49b0ced elementor-section-boxed elementor-section-height-default elementor-section-height-default\" data-id=\"49b0ced\" data-element_type=\"section\" data-e-type=\"section\">\n\t\t\t\t\t\t<div class=\"elementor-container elementor-column-gap-default\">\n\t\t\t\t\t<div class=\"elementor-column elementor-col-100 elementor-top-column elementor-element elementor-element-e5a1178\" data-id=\"e5a1178\" data-element_type=\"column\" data-e-type=\"column\">\n\t\t\t<div class=\"elementor-widget-wrap elementor-element-populated\">\n\t\t\t\t\t\t<div class=\"elementor-element elementor-element-002a879 elementor-widget elementor-widget-html\" data-id=\"002a879\" data-element_type=\"widget\" data-e-type=\"widget\" data-widget_type=\"html.default\">\n\t\t\t\t<div class=\"elementor-widget-container\">\n\t\t\t\t\t\n    <!-- Event snippet for Or\u00e7amento conversion page\nIn your html page, add the snippet and call gtag_report_conversion when someone clicks on the chosen link or button. -->\n<script>\nfunction gtag_report_conversion_orcamento(url) {\n  var callback = function () {\n    if (typeof(url) != 'undefined') {\n      window.location = url;\n    }\n  };\n  gtag('event', 'conversion', {\n      'send_to': 'AW-16451052395\/F4M6CLyx040ZEOvGvKQ9',\n      'event_callback': callback\n  });\n  return false;\n}\n\n<\/script>\t\t\t\t<\/div>\n\t\t\t\t<\/div>\n\t\t\t\t<div class=\"elementor-element elementor-element-36c5ce2 elementor-widget elementor-widget-shortcode\" data-id=\"36c5ce2\" data-element_type=\"widget\" data-e-type=\"widget\" data-widget_type=\"shortcode.default\">\n\t\t\t\t<div class=\"elementor-widget-container\">\n\t\t\t\t\t\t\t<div class=\"elementor-shortcode\">\n<div class=\"woocommerce ywraq-wrapper ywraq-empty\">\n\t\t\t<div id=\"yith-ywraq-message\"><div class=\"ywraq-question-message\">\n\t<\/div>\n<\/div>\n\t\t\n\t\t\t\t<div class=\"ywraq-form-table-wrapper vertical\">\n\t\t\t<div class=\"ywraq-before-form\">\n\t<p class=\"ywraq_list_empty_message\">Sua lista est\u00e1 vazia, adicione produtos \u00e0 lista para enviar uma solicita\u00e7\u00e3o<p><p class=\"return-to-shop\"><a class=\"button wc-backward\" href=\"https:\/\/www.hipartsoficial.com.br\/produtos\/\">Adicionar mais produtos<\/a><\/p><\/div>\n\t\t\t\t\t<\/div>\n\t<\/div>\n<\/div>\n\t\t\t\t\t\t<\/div>\n\t\t\t\t<\/div>\n\t\t\t\t<div class=\"elementor-element elementor-element-5a0e7a4 elementor-widget elementor-widget-html\" data-id=\"5a0e7a4\" data-element_type=\"widget\" data-e-type=\"widget\" data-widget_type=\"html.default\">\n\t\t\t\t<div class=\"elementor-widget-container\">\n\t\t\t\t\t<script>\r\n    var botaoDeOrcamento = document.querySelector(\"#yith-ywraq-default-form > p.form-row.form-row-wide.raq-send-request-row > input.button.raq-send-request.last\").addEventListener('click', function() {\r\n        gtag_report_conversion_orcamento();\r\n    });;\r\n<\/script>\t\t\t\t<\/div>\n\t\t\t\t<\/div>\n\t\t\t\t\t<\/div>\n\t\t<\/div>\n\t\t\t\t\t<\/div>\n\t\t<\/section>\n\t\t\t\t<\/div>\n\t\t","protected":false},"excerpt":{"rendered":"<p>Carrinho Mais de 1200 itens a pronta entrega<\/p>\n","protected":false},"author":2,"featured_media":0,"parent":0,"menu_order":0,"comment_status":"closed","ping_status":"closed","template":"elementor_header_footer","meta":{"_acf_changed":false,"_eb_attr":"","_joinchat":[],"footnotes":""},"class_list":["post-598","page","type-page","status-publish","hentry"],"acf":[],"yoast_head":"<!-- This site is optimized with the Yoast SEO plugin v27.2 - https:\/\/yoast.com\/product\/yoast-seo-wordpress\/ -->\n<title>Or\u00e7amento - HiParts.<\/title>\n<meta name=\"robots\" content=\"index, follow, max-snippet:-1, max-image-preview:large, max-video-preview:-1\" \/>\n<link rel=\"canonical\" href=\"https:\/\/www.hipartsoficial.com.br\/pt\/orcamento\/\" \/>\n<meta property=\"og:locale\" content=\"pt_BR\" \/>\n<meta property=\"og:type\" content=\"article\" \/>\n<meta property=\"og:title\" content=\"Or\u00e7amento - HiParts.\" \/>\n<meta property=\"og:description\" content=\"Carrinho Mais de 1200 itens a pronta entrega\" \/>\n<meta property=\"og:url\" content=\"https:\/\/www.hipartsoficial.com.br\/pt\/orcamento\/\" \/>\n<meta property=\"og:site_name\" content=\"HiParts.\" \/>\n<meta property=\"article:modified_time\" content=\"2025-06-17T21:04:45+00:00\" \/>\n<meta name=\"twitter:card\" content=\"summary_large_image\" \/>\n<meta name=\"twitter:label1\" content=\"Est. tempo de leitura\" \/>\n\t<meta name=\"twitter:data1\" content=\"1 minuto\" \/>\n<script type=\"application\/ld+json\" class=\"yoast-schema-graph\">{\"@context\":\"https:\/\/schema.org\",\"@graph\":[{\"@type\":\"WebPage\",\"@id\":\"https:\/\/www.hipartsoficial.com.br\/orcamento\/\",\"url\":\"https:\/\/www.hipartsoficial.com.br\/orcamento\/\",\"name\":\"Or\u00e7amento - HiParts.\",\"isPartOf\":{\"@id\":\"https:\/\/www.hipartsoficial.com.br\/#website\"},\"datePublished\":\"2023-02-22T01:16:11+00:00\",\"dateModified\":\"2025-06-17T21:04:45+00:00\",\"breadcrumb\":{\"@id\":\"https:\/\/www.hipartsoficial.com.br\/orcamento\/#breadcrumb\"},\"inLanguage\":\"pt-BR\",\"potentialAction\":[{\"@type\":\"ReadAction\",\"target\":[\"https:\/\/www.hipartsoficial.com.br\/orcamento\/\"]}]},{\"@type\":\"BreadcrumbList\",\"@id\":\"https:\/\/www.hipartsoficial.com.br\/orcamento\/#breadcrumb\",\"itemListElement\":[{\"@type\":\"ListItem\",\"position\":1,\"name\":\"In\u00edcio\",\"item\":\"https:\/\/www.hipartsoficial.com.br\/pt\/\"},{\"@type\":\"ListItem\",\"position\":2,\"name\":\"Or\u00e7amento\"}]},{\"@type\":\"WebSite\",\"@id\":\"https:\/\/www.hipartsoficial.com.br\/#website\",\"url\":\"https:\/\/www.hipartsoficial.com.br\/\",\"name\":\"HiParts.\",\"description\":\"\",\"potentialAction\":[{\"@type\":\"SearchAction\",\"target\":{\"@type\":\"EntryPoint\",\"urlTemplate\":\"https:\/\/www.hipartsoficial.com.br\/?s={search_term_string}\"},\"query-input\":{\"@type\":\"PropertyValueSpecification\",\"valueRequired\":true,\"valueName\":\"search_term_string\"}}],\"inLanguage\":\"pt-BR\"}]}<\/script>\n<!-- \/ Yoast SEO plugin. -->","yoast_head_json":{"title":"Or\u00e7amento - HiParts.","robots":{"index":"index","follow":"follow","max-snippet":"max-snippet:-1","max-image-preview":"max-image-preview:large","max-video-preview":"max-video-preview:-1"},"canonical":"https:\/\/www.hipartsoficial.com.br\/pt\/orcamento\/","og_locale":"pt_BR","og_type":"article","og_title":"Or\u00e7amento - HiParts.","og_description":"Carrinho Mais de 1200 itens a pronta entrega","og_url":"https:\/\/www.hipartsoficial.com.br\/pt\/orcamento\/","og_site_name":"HiParts.","article_modified_time":"2025-06-17T21:04:45+00:00","twitter_card":"summary_large_image","twitter_misc":{"Est. tempo de leitura":"1 minuto"},"schema":{"@context":"https:\/\/schema.org","@graph":[{"@type":"WebPage","@id":"https:\/\/www.hipartsoficial.com.br\/orcamento\/","url":"https:\/\/www.hipartsoficial.com.br\/orcamento\/","name":"Or\u00e7amento - HiParts.","isPartOf":{"@id":"https:\/\/www.hipartsoficial.com.br\/#website"},"datePublished":"2023-02-22T01:16:11+00:00","dateModified":"2025-06-17T21:04:45+00:00","breadcrumb":{"@id":"https:\/\/www.hipartsoficial.com.br\/orcamento\/#breadcrumb"},"inLanguage":"pt-BR","potentialAction":[{"@type":"ReadAction","target":["https:\/\/www.hipartsoficial.com.br\/orcamento\/"]}]},{"@type":"BreadcrumbList","@id":"https:\/\/www.hipartsoficial.com.br\/orcamento\/#breadcrumb","itemListElement":[{"@type":"ListItem","position":1,"name":"In\u00edcio","item":"https:\/\/www.hipartsoficial.com.br\/pt\/"},{"@type":"ListItem","position":2,"name":"Or\u00e7amento"}]},{"@type":"WebSite","@id":"https:\/\/www.hipartsoficial.com.br\/#website","url":"https:\/\/www.hipartsoficial.com.br\/","name":"HiParts.","description":"","potentialAction":[{"@type":"SearchAction","target":{"@type":"EntryPoint","urlTemplate":"https:\/\/www.hipartsoficial.com.br\/?s={search_term_string}"},"query-input":{"@type":"PropertyValueSpecification","valueRequired":true,"valueName":"search_term_string"}}],"inLanguage":"pt-BR"}]}},"_links":{"self":[{"href":"https:\/\/www.hipartsoficial.com.br\/pt\/wp-json\/wp\/v2\/pages\/598","targetHints":{"allow":["GET"]}}],"collection":[{"href":"https:\/\/www.hipartsoficial.com.br\/pt\/wp-json\/wp\/v2\/pages"}],"about":[{"href":"https:\/\/www.hipartsoficial.com.br\/pt\/wp-json\/wp\/v2\/types\/page"}],"author":[{"embeddable":true,"href":"https:\/\/www.hipartsoficial.com.br\/pt\/wp-json\/wp\/v2\/users\/2"}],"replies":[{"embeddable":true,"href":"https:\/\/www.hipartsoficial.com.br\/pt\/wp-json\/wp\/v2\/comments?post=598"}],"version-history":[{"count":0,"href":"https:\/\/www.hipartsoficial.com.br\/pt\/wp-json\/wp\/v2\/pages\/598\/revisions"}],"wp:attachment":[{"href":"https:\/\/www.hipartsoficial.com.br\/pt\/wp-json\/wp\/v2\/media?parent=598"}],"curies":[{"name":"wp","href":"https:\/\/api.w.org\/{rel}","templated":true}]}}