{"id":3236,"date":"2023-04-19T08:42:17","date_gmt":"2023-04-19T11:42:17","guid":{"rendered":"https:\/\/www.hipartsoficial.com.br\/?post_type=product&#038;p=3236"},"modified":"2025-05-20T16:13:36","modified_gmt":"2025-05-20T19:13:36","slug":"filtro-oleo-cambio-at-pajero-full-3-2-3-8-2010-l200-triton-2-4-2016-2020","status":"publish","type":"product","link":"https:\/\/www.hipartsoficial.com.br\/pt\/produto\/filtro-oleo-cambio-at-pajero-full-3-2-3-8-2010-l200-triton-2-4-2016-2020\/","title":{"rendered":"FILTRO \u00d3LEO C\u00c2MBIO AUTOM\u00c1TICO"},"content":{"rendered":"","protected":false},"excerpt":{"rendered":"","protected":false},"featured_media":3237,"comment_status":"open","ping_status":"closed","template":"","meta":{"_acf_changed":false,"_eb_attr":"","_joinchat":[]},"product_brand":[],"product_cat":[69],"product_tag":[291],"montadoras":[175,97,168],"class_list":{"0":"post-3236","1":"product","2":"type-product","3":"status-publish","4":"has-post-thumbnail","6":"product_cat-filtro","7":"product_tag-tag-produtos","8":"montadoras-l200-triton-sport","9":"montadoras-mitsubishi","10":"montadoras-pajero-full","12":"first","13":"instock","14":"shipping-taxable","15":"product-type-simple"},"acf":[],"yoast_head":"<!-- This site is optimized with the Yoast SEO plugin v27.2 - https:\/\/yoast.com\/product\/yoast-seo-wordpress\/ -->\n<title>FILTRO \u00d3LEO C\u00c2MBIO AUTOM\u00c1TICO - HiParts.<\/title>\n<meta name=\"robots\" content=\"index, follow, max-snippet:-1, max-image-preview:large, max-video-preview:-1\" \/>\n<link rel=\"canonical\" href=\"https:\/\/www.hipartsoficial.com.br\/pt\/produto\/filtro-oleo-cambio-at-pajero-full-3-2-3-8-2010-l200-triton-2-4-2016-2020\/\" \/>\n<meta property=\"og:locale\" content=\"pt_BR\" \/>\n<meta property=\"og:type\" content=\"article\" \/>\n<meta property=\"og:title\" content=\"FILTRO \u00d3LEO C\u00c2MBIO AUTOM\u00c1TICO - HiParts.\" \/>\n<meta property=\"og:url\" content=\"https:\/\/www.hipartsoficial.com.br\/pt\/produto\/filtro-oleo-cambio-at-pajero-full-3-2-3-8-2010-l200-triton-2-4-2016-2020\/\" \/>\n<meta property=\"og:site_name\" content=\"HiParts.\" \/>\n<meta property=\"article:modified_time\" content=\"2025-05-20T19:13:36+00:00\" \/>\n<meta property=\"og:image\" content=\"https:\/\/www.hipartsoficial.com.br\/wp-content\/uploads\/2023\/04\/0188752.jpg\" \/>\n\t<meta property=\"og:image:width\" content=\"1000\" \/>\n\t<meta property=\"og:image:height\" content=\"1000\" \/>\n\t<meta property=\"og:image:type\" content=\"image\/jpeg\" \/>\n<meta name=\"twitter:card\" content=\"summary_large_image\" \/>\n<script type=\"application\/ld+json\" class=\"yoast-schema-graph\">{\"@context\":\"https:\/\/schema.org\",\"@graph\":[{\"@type\":\"WebPage\",\"@id\":\"https:\/\/www.hipartsoficial.com.br\/produto\/filtro-oleo-cambio-at-pajero-full-3-2-3-8-2010-l200-triton-2-4-2016-2020\/\",\"url\":\"https:\/\/www.hipartsoficial.com.br\/produto\/filtro-oleo-cambio-at-pajero-full-3-2-3-8-2010-l200-triton-2-4-2016-2020\/\",\"name\":\"FILTRO \u00d3LEO C\u00c2MBIO AUTOM\u00c1TICO - HiParts.\",\"isPartOf\":{\"@id\":\"https:\/\/www.hipartsoficial.com.br\/#website\"},\"primaryImageOfPage\":{\"@id\":\"https:\/\/www.hipartsoficial.com.br\/produto\/filtro-oleo-cambio-at-pajero-full-3-2-3-8-2010-l200-triton-2-4-2016-2020\/#primaryimage\"},\"image\":{\"@id\":\"https:\/\/www.hipartsoficial.com.br\/produto\/filtro-oleo-cambio-at-pajero-full-3-2-3-8-2010-l200-triton-2-4-2016-2020\/#primaryimage\"},\"thumbnailUrl\":\"https:\/\/www.hipartsoficial.com.br\/wp-content\/uploads\/2023\/04\/0188752.jpg\",\"datePublished\":\"2023-04-19T11:42:17+00:00\",\"dateModified\":\"2025-05-20T19:13:36+00:00\",\"breadcrumb\":{\"@id\":\"https:\/\/www.hipartsoficial.com.br\/produto\/filtro-oleo-cambio-at-pajero-full-3-2-3-8-2010-l200-triton-2-4-2016-2020\/#breadcrumb\"},\"inLanguage\":\"pt-BR\",\"potentialAction\":[{\"@type\":\"ReadAction\",\"target\":[\"https:\/\/www.hipartsoficial.com.br\/produto\/filtro-oleo-cambio-at-pajero-full-3-2-3-8-2010-l200-triton-2-4-2016-2020\/\"]}]},{\"@type\":\"ImageObject\",\"inLanguage\":\"pt-BR\",\"@id\":\"https:\/\/www.hipartsoficial.com.br\/produto\/filtro-oleo-cambio-at-pajero-full-3-2-3-8-2010-l200-triton-2-4-2016-2020\/#primaryimage\",\"url\":\"https:\/\/www.hipartsoficial.com.br\/wp-content\/uploads\/2023\/04\/0188752.jpg\",\"contentUrl\":\"https:\/\/www.hipartsoficial.com.br\/wp-content\/uploads\/2023\/04\/0188752.jpg\",\"width\":1000,\"height\":1000,\"caption\":\"FILTRO \u00d3LEO C\u00c2MBIO AUTOM\u00c1TICO PAJERO FULL 3.2 3.8 2010\/.. L200 TRITON 2.4 2016\/2020\"},{\"@type\":\"BreadcrumbList\",\"@id\":\"https:\/\/www.hipartsoficial.com.br\/produto\/filtro-oleo-cambio-at-pajero-full-3-2-3-8-2010-l200-triton-2-4-2016-2020\/#breadcrumb\",\"itemListElement\":[{\"@type\":\"ListItem\",\"position\":1,\"name\":\"In\u00edcio\",\"item\":\"https:\/\/www.hipartsoficial.com.br\/pt\/\"},{\"@type\":\"ListItem\",\"position\":2,\"name\":\"Products\",\"item\":\"https:\/\/www.hipartsoficial.com.br\/shop\/\"},{\"@type\":\"ListItem\",\"position\":3,\"name\":\"FILTRO \u00d3LEO C\u00c2MBIO AUTOM\u00c1TICO\"}]},{\"@type\":\"WebSite\",\"@id\":\"https:\/\/www.hipartsoficial.com.br\/#website\",\"url\":\"https:\/\/www.hipartsoficial.com.br\/\",\"name\":\"HiParts.\",\"description\":\"\",\"potentialAction\":[{\"@type\":\"SearchAction\",\"target\":{\"@type\":\"EntryPoint\",\"urlTemplate\":\"https:\/\/www.hipartsoficial.com.br\/?s={search_term_string}\"},\"query-input\":{\"@type\":\"PropertyValueSpecification\",\"valueRequired\":true,\"valueName\":\"search_term_string\"}}],\"inLanguage\":\"pt-BR\"}]}<\/script>\n<!-- \/ Yoast SEO plugin. -->","yoast_head_json":{"title":"FILTRO \u00d3LEO C\u00c2MBIO AUTOM\u00c1TICO - HiParts.","robots":{"index":"index","follow":"follow","max-snippet":"max-snippet:-1","max-image-preview":"max-image-preview:large","max-video-preview":"max-video-preview:-1"},"canonical":"https:\/\/www.hipartsoficial.com.br\/pt\/produto\/filtro-oleo-cambio-at-pajero-full-3-2-3-8-2010-l200-triton-2-4-2016-2020\/","og_locale":"pt_BR","og_type":"article","og_title":"FILTRO \u00d3LEO C\u00c2MBIO AUTOM\u00c1TICO - HiParts.","og_url":"https:\/\/www.hipartsoficial.com.br\/pt\/produto\/filtro-oleo-cambio-at-pajero-full-3-2-3-8-2010-l200-triton-2-4-2016-2020\/","og_site_name":"HiParts.","article_modified_time":"2025-05-20T19:13:36+00:00","og_image":[{"width":1000,"height":1000,"url":"https:\/\/www.hipartsoficial.com.br\/wp-content\/uploads\/2023\/04\/0188752.jpg","type":"image\/jpeg"}],"twitter_card":"summary_large_image","schema":{"@context":"https:\/\/schema.org","@graph":[{"@type":"WebPage","@id":"https:\/\/www.hipartsoficial.com.br\/produto\/filtro-oleo-cambio-at-pajero-full-3-2-3-8-2010-l200-triton-2-4-2016-2020\/","url":"https:\/\/www.hipartsoficial.com.br\/produto\/filtro-oleo-cambio-at-pajero-full-3-2-3-8-2010-l200-triton-2-4-2016-2020\/","name":"FILTRO \u00d3LEO C\u00c2MBIO AUTOM\u00c1TICO - HiParts.","isPartOf":{"@id":"https:\/\/www.hipartsoficial.com.br\/#website"},"primaryImageOfPage":{"@id":"https:\/\/www.hipartsoficial.com.br\/produto\/filtro-oleo-cambio-at-pajero-full-3-2-3-8-2010-l200-triton-2-4-2016-2020\/#primaryimage"},"image":{"@id":"https:\/\/www.hipartsoficial.com.br\/produto\/filtro-oleo-cambio-at-pajero-full-3-2-3-8-2010-l200-triton-2-4-2016-2020\/#primaryimage"},"thumbnailUrl":"https:\/\/www.hipartsoficial.com.br\/wp-content\/uploads\/2023\/04\/0188752.jpg","datePublished":"2023-04-19T11:42:17+00:00","dateModified":"2025-05-20T19:13:36+00:00","breadcrumb":{"@id":"https:\/\/www.hipartsoficial.com.br\/produto\/filtro-oleo-cambio-at-pajero-full-3-2-3-8-2010-l200-triton-2-4-2016-2020\/#breadcrumb"},"inLanguage":"pt-BR","potentialAction":[{"@type":"ReadAction","target":["https:\/\/www.hipartsoficial.com.br\/produto\/filtro-oleo-cambio-at-pajero-full-3-2-3-8-2010-l200-triton-2-4-2016-2020\/"]}]},{"@type":"ImageObject","inLanguage":"pt-BR","@id":"https:\/\/www.hipartsoficial.com.br\/produto\/filtro-oleo-cambio-at-pajero-full-3-2-3-8-2010-l200-triton-2-4-2016-2020\/#primaryimage","url":"https:\/\/www.hipartsoficial.com.br\/wp-content\/uploads\/2023\/04\/0188752.jpg","contentUrl":"https:\/\/www.hipartsoficial.com.br\/wp-content\/uploads\/2023\/04\/0188752.jpg","width":1000,"height":1000,"caption":"FILTRO \u00d3LEO C\u00c2MBIO AUTOM\u00c1TICO PAJERO FULL 3.2 3.8 2010\/.. L200 TRITON 2.4 2016\/2020"},{"@type":"BreadcrumbList","@id":"https:\/\/www.hipartsoficial.com.br\/produto\/filtro-oleo-cambio-at-pajero-full-3-2-3-8-2010-l200-triton-2-4-2016-2020\/#breadcrumb","itemListElement":[{"@type":"ListItem","position":1,"name":"In\u00edcio","item":"https:\/\/www.hipartsoficial.com.br\/pt\/"},{"@type":"ListItem","position":2,"name":"Products","item":"https:\/\/www.hipartsoficial.com.br\/shop\/"},{"@type":"ListItem","position":3,"name":"FILTRO \u00d3LEO C\u00c2MBIO AUTOM\u00c1TICO"}]},{"@type":"WebSite","@id":"https:\/\/www.hipartsoficial.com.br\/#website","url":"https:\/\/www.hipartsoficial.com.br\/","name":"HiParts.","description":"","potentialAction":[{"@type":"SearchAction","target":{"@type":"EntryPoint","urlTemplate":"https:\/\/www.hipartsoficial.com.br\/?s={search_term_string}"},"query-input":{"@type":"PropertyValueSpecification","valueRequired":true,"valueName":"search_term_string"}}],"inLanguage":"pt-BR"}]}},"_links":{"self":[{"href":"https:\/\/www.hipartsoficial.com.br\/pt\/wp-json\/wp\/v2\/product\/3236","targetHints":{"allow":["GET"]}}],"collection":[{"href":"https:\/\/www.hipartsoficial.com.br\/pt\/wp-json\/wp\/v2\/product"}],"about":[{"href":"https:\/\/www.hipartsoficial.com.br\/pt\/wp-json\/wp\/v2\/types\/product"}],"replies":[{"embeddable":true,"href":"https:\/\/www.hipartsoficial.com.br\/pt\/wp-json\/wp\/v2\/comments?post=3236"}],"wp:featuredmedia":[{"embeddable":true,"href":"https:\/\/www.hipartsoficial.com.br\/pt\/wp-json\/wp\/v2\/media\/3237"}],"wp:attachment":[{"href":"https:\/\/www.hipartsoficial.com.br\/pt\/wp-json\/wp\/v2\/media?parent=3236"}],"wp:term":[{"taxonomy":"product_brand","embeddable":true,"href":"https:\/\/www.hipartsoficial.com.br\/pt\/wp-json\/wp\/v2\/product_brand?post=3236"},{"taxonomy":"product_cat","embeddable":true,"href":"https:\/\/www.hipartsoficial.com.br\/pt\/wp-json\/wp\/v2\/product_cat?post=3236"},{"taxonomy":"product_tag","embeddable":true,"href":"https:\/\/www.hipartsoficial.com.br\/pt\/wp-json\/wp\/v2\/product_tag?post=3236"},{"taxonomy":"montadoras","embeddable":true,"href":"https:\/\/www.hipartsoficial.com.br\/pt\/wp-json\/wp\/v2\/montadoras?post=3236"}],"curies":[{"name":"wp","href":"https:\/\/api.w.org\/{rel}","templated":true}]}}